{"id":26,"date":"2025-07-19T00:07:15","date_gmt":"2025-07-19T03:07:15","guid":{"rendered":"https:\/\/siteportfolio.ucnomad.com\/index.php\/contato\/"},"modified":"2025-07-19T00:07:15","modified_gmt":"2025-07-19T03:07:15","slug":"contato","status":"publish","type":"page","link":"https:\/\/siteportfolio.ucnomad.com\/index.php\/contato\/","title":{"rendered":"Contato"},"content":{"rendered":"<h1 dir=\"auto\"><span>Entre em Contato Conosco<\/span><\/h1>\n<p class=\"body\" dir=\"auto\">Estamos aqui para atender suas d\u00favidas e reservas.<\/p>\n<p><img decoding=\"async\" src=\"https:\/\/images.unsplash.com\/photo-1699814269797-6e0f57a7aa1d\" alt=\"A modern restaurant interior featuring wooden furniture, pendant lighting, and colorful murals on the walls. There are several patrons seated at different tables, creating a casual dining atmosphere.\" \/><\/p>\n<h3 dir=\"auto\">Localiza\u00e7\u00e3o<\/h3>\n<p class=\"body\" dir=\"auto\">Visite o Manarillo Bistr\u00f4 no Itaim Bibi, S\u00e3o Paulo, e descubra uma experi\u00eancia gastron\u00f4mica \u00fanica e acolhedora.<\/p>\n<h6 dir=\"auto\"><strong>Endere\u00e7o<\/strong><\/h6>\n<p class=\"body\" dir=\"auto\">Rua do Lago, 123<\/p>\n<h6 dir=\"auto\"><strong>Hor\u00e1rios<\/strong><\/h6>\n<p class=\"body\" dir=\"auto\">Ter a Dom<\/p>\n","protected":false},"excerpt":{"rendered":"<p>Entre em Contato Conosco Estamos aqui para atender suas d\u00favidas e reservas. Localiza\u00e7\u00e3o Visite o Manarillo Bistr\u00f4 no Itaim Bibi, S\u00e3o Paulo, e descubra uma experi\u00eancia gastron\u00f4mica \u00fanica e acolhedora. Endere\u00e7o Rua do Lago, 123 Hor\u00e1rios Ter a Dom<\/p>\n","protected":false},"author":1,"featured_media":0,"parent":0,"menu_order":0,"comment_status":"closed","ping_status":"closed","template":"","meta":{"footnotes":""},"class_list":["post-26","page","type-page","status-publish","hentry"],"_links":{"self":[{"href":"https:\/\/siteportfolio.ucnomad.com\/index.php\/wp-json\/wp\/v2\/pages\/26","targetHints":{"allow":["GET"]}}],"collection":[{"href":"https:\/\/siteportfolio.ucnomad.com\/index.php\/wp-json\/wp\/v2\/pages"}],"about":[{"href":"https:\/\/siteportfolio.ucnomad.com\/index.php\/wp-json\/wp\/v2\/types\/page"}],"author":[{"embeddable":true,"href":"https:\/\/siteportfolio.ucnomad.com\/index.php\/wp-json\/wp\/v2\/users\/1"}],"replies":[{"embeddable":true,"href":"https:\/\/siteportfolio.ucnomad.com\/index.php\/wp-json\/wp\/v2\/comments?post=26"}],"version-history":[{"count":0,"href":"https:\/\/siteportfolio.ucnomad.com\/index.php\/wp-json\/wp\/v2\/pages\/26\/revisions"}],"wp:attachment":[{"href":"https:\/\/siteportfolio.ucnomad.com\/index.php\/wp-json\/wp\/v2\/media?parent=26"}],"curies":[{"name":"wp","href":"https:\/\/api.w.org\/{rel}","templated":true}]}}