{"id":24,"date":"2025-07-19T00:07:15","date_gmt":"2025-07-19T03:07:15","guid":{"rendered":"https:\/\/siteportfolio.ucnomad.com\/index.php\/experiencia\/"},"modified":"2025-07-19T00:07:15","modified_gmt":"2025-07-19T03:07:15","slug":"experiencia","status":"publish","type":"page","link":"https:\/\/siteportfolio.ucnomad.com\/index.php\/experiencia\/","title":{"rendered":"Experi\u00eancia"},"content":{"rendered":"<h1 dir=\"auto\"><span>Galeria<\/span><\/h1>\n<p class=\"body\" dir=\"auto\">Descubra a ess\u00eancia do Manarillo em cada imagem.<\/p>\n<p><img decoding=\"async\" src=\"https:\/\/images.unsplash.com\/photo-1594127833335-9d3e1fc89c25\" alt=\"A spacious restaurant featuring a glass ceiling with natural light pouring in. Diners are seated at wooden tables, enjoying meals in a lively atmosphere. Elegant chandeliers and lush green plants add to the ambiance, creating a modern and inviting environment.\" \/><br \/>\n<img decoding=\"async\" src=\"https:\/\/images.unsplash.com\/photo-1692458352653-61c5800e89e7\" alt=\"A modern, stylish restaurant interior featuring wooden tables and teal chairs. The ceiling has an array of hanging lights and decorations, with large windows offering a view outside. The ambiance is cozy yet contemporary, with patterned flooring adding a touch of elegance.\" \/><br \/>\n<img decoding=\"async\" src=\"https:\/\/images.unsplash.com\/photo-1684675144506-b181f5209c5a\" alt=\"A modern, stylish restaurant interior with soft lighting and a warm ambiance. The space features several round tables with gray cushioned chairs, elegant plant decorations, and hanging pendant lights. The flooring combines polished wood and concrete textures, adding to the sophisticated design. Large windows on the right allow natural light to enter, complementing the inviting atmosphere. Thoughtfully placed vases with flowers enhance the aesthetic appeal.\" \/><br \/>\n<img decoding=\"async\" src=\"https:\/\/images.unsplash.com\/photo-1610860435481-7ebc594bedf2\" alt=\"The image captures a modern and stylish restaurant interior with curved architectural lighting overhead. The setting features wooden tables and chairs, with ambient lighting creating a warm atmosphere. Unique yellow fabric sculptures hang from the ceiling, contributing to the contemporary aesthetic.\" \/><br \/>\n<img decoding=\"async\" src=\"https:\/\/images.unsplash.com\/photo-1516206285101-87019c88d6f1\" alt=\"A stylish dining area with modern decor features black tables set with white dishes and utensils. The walls are adorned with circular, multicolored light fixtures and vertical black-and-white stripes. A red ventilation pipe runs across the ceiling, complementing the contemporary light fixtures hanging from above.\" \/><\/p>\n<h3 dir=\"auto\">A ess\u00eancia do Manarillo<\/h3>\n<p class=\"body\" dir=\"auto\">No Manarillo, a gastronomia contempor\u00e2nea se une \u00e0 alma autoral, proporcionando uma experi\u00eancia sensorial \u00fanica no cora\u00e7\u00e3o de S\u00e3o Paulo.<\/p>\n<p><img decoding=\"async\" src=\"https:\/\/images.unsplash.com\/photo-1682851218650-6f417f9130ff\" alt=\"A modern restaurant interior with a central island countertop stocked with dishes and kitchenware. Several people are gathered, some standing while others are seated, chatting and dining. The room is filled with natural light from large windows, and the walls have gold accents. Overhead, stylish lights hang from the ceiling, adding to the contemporary atmosphere.\" \/><br \/>\n<img decoding=\"async\" src=\"https:\/\/images.unsplash.com\/photo-1695343389672-a9a3178cb47d\" alt=\"A modern, stylish restaurant interior featuring white tablecloth-covered tables with patterned chairs. Decorative mirrors are mounted on a wallpapered wall, and pendant lights hang from the ceiling. Each table is set with small vases holding colorful flowers, adding a touch of elegance.\" \/><br \/>\n<img decoding=\"async\" src=\"https:\/\/images.unsplash.com\/photo-1654074520257-e842c6182a44\" alt=\"An interior view of a modern, well-lit restaurant with a mix of wooden and upholstered furniture. The ceiling has a grid-like pattern with integrated lights. The walls are decorated with mirrors, glass panels, and abstract art. The seating arrangement includes wooden chairs, cushioned benches, and red booths. A circular mirror is mounted on a red lattice wall, adding a touch of contemporary design.\" \/><\/p>\n<h3 dir=\"auto\">Nossa Experi\u00eancia Gastron\u00f4mica<\/h3>\n<p class=\"body\" dir=\"auto\">Descubra o encantamento das massas frescas artesanais e do atendimento acolhedor, em um ambiente sofisticado e intimista que celebra momentos especiais.<\/p>\n<p class=\"body-large\" dir=\"auto\">O Manarillo \u00e9 uma experi\u00eancia \u00fanica! As massas frescas e o atendimento acolhedor tornam cada visita especial. Um lugar perfeito para celebrar momentos inesquec\u00edveis.<\/p>\n<p class=\"body\" dir=\"auto\">Maria Silva<\/p>\n<p><img decoding=\"async\" src=\"https:\/\/images.unsplash.com\/photo-1684039886291-9ed9d5153d27\" alt=\"A modern, stylish restaurant with high ceilings and large arch windows. The seating area consists of red cushioned chairs and benches along tables, arranged neatly in rows. The lighting is warm, provided by multiple pendant lights hanging from the ceiling. There is a marble counter with a red flower arrangement near the left side of the image. A few people are seated in the background enjoying their meals.\" \/><\/p>\n<p class=\"body-large\" dir=\"auto\">\u2605\u2605\u2605\u2605\u2605<\/p>\n","protected":false},"excerpt":{"rendered":"<p>Galeria Descubra a ess\u00eancia do Manarillo em cada imagem. A ess\u00eancia do Manarillo No Manarillo, a gastronomia contempor\u00e2nea se une \u00e0 alma autoral, proporcionando uma experi\u00eancia sensorial \u00fanica no cora\u00e7\u00e3o de S\u00e3o Paulo. Nossa Experi\u00eancia Gastron\u00f4mica Descubra o encantamento das massas frescas artesanais e do atendimento acolhedor, em um ambiente sofisticado e intimista que celebra [&hellip;]<\/p>\n","protected":false},"author":1,"featured_media":0,"parent":0,"menu_order":0,"comment_status":"closed","ping_status":"closed","template":"","meta":{"footnotes":""},"class_list":["post-24","page","type-page","status-publish","hentry"],"_links":{"self":[{"href":"https:\/\/siteportfolio.ucnomad.com\/index.php\/wp-json\/wp\/v2\/pages\/24","targetHints":{"allow":["GET"]}}],"collection":[{"href":"https:\/\/siteportfolio.ucnomad.com\/index.php\/wp-json\/wp\/v2\/pages"}],"about":[{"href":"https:\/\/siteportfolio.ucnomad.com\/index.php\/wp-json\/wp\/v2\/types\/page"}],"author":[{"embeddable":true,"href":"https:\/\/siteportfolio.ucnomad.com\/index.php\/wp-json\/wp\/v2\/users\/1"}],"replies":[{"embeddable":true,"href":"https:\/\/siteportfolio.ucnomad.com\/index.php\/wp-json\/wp\/v2\/comments?post=24"}],"version-history":[{"count":0,"href":"https:\/\/siteportfolio.ucnomad.com\/index.php\/wp-json\/wp\/v2\/pages\/24\/revisions"}],"wp:attachment":[{"href":"https:\/\/siteportfolio.ucnomad.com\/index.php\/wp-json\/wp\/v2\/media?parent=24"}],"curies":[{"name":"wp","href":"https:\/\/api.w.org\/{rel}","templated":true}]}}