{"id":23,"date":"2025-07-19T00:07:15","date_gmt":"2025-07-19T03:07:15","guid":{"rendered":"https:\/\/siteportfolio.ucnomad.com\/index.php\/menu\/"},"modified":"2025-07-19T00:07:15","modified_gmt":"2025-07-19T03:07:15","slug":"menu","status":"publish","type":"page","link":"https:\/\/siteportfolio.ucnomad.com\/index.php\/menu\/","title":{"rendered":"Menu"},"content":{"rendered":"<h1 dir=\"auto\"><span>Menu Gastron\u00f4mico<\/span><\/h1>\n<h6 dir=\"auto\"><strong>Massas Frescas Artesanais<\/strong><\/h6>\n<p class=\"body\" dir=\"auto\">Delicie-se com nossas massas frescas, preparadas com ingredientes locais e amor.<\/p>\n<h6 dir=\"auto\"><strong>45$<\/strong><\/h6>\n<p class=\"body\" dir=\"auto\">Experimente pratos criativos que combinam t\u00e9cnicas refinadas e a ess\u00eancia da cozinha de afeto.<\/p>\n<h6 dir=\"auto\"><strong>Pratos Criativos<\/strong><\/h6>\n<p class=\"body\" dir=\"auto\">Sabores \u00fanicos que encantam o paladar e aquecem o cora\u00e7\u00e3o.<\/p>\n<h6 dir=\"auto\"><strong>55$<\/strong><\/h6>\n<h6 dir=\"auto\"><strong>Experi\u00eancia Sensorial<\/strong><\/h6>\n<p class=\"body\" dir=\"auto\">Um ambiente intimista e acolhedor, perfeito para momentos especiais e celebra\u00e7\u00f5es.<\/p>\n<h6 dir=\"auto\"><strong>70$<\/strong><\/h6>\n<h6 dir=\"auto\"><strong>Cozinha de Afeto<\/strong><\/h6>\n<h6 dir=\"auto\"><strong>30$<\/strong><\/h6>\n<p class=\"body\" dir=\"auto\">Pratos que transmitem carinho e dedica\u00e7\u00e3o, utilizando ingredientes frescos e locais.<\/p>\n<h6 dir=\"auto\"><strong>Ambiente Sofisticado<\/strong><\/h6>\n<p class=\"body\" dir=\"auto\">Tons escuros e luz baixa criam um espa\u00e7o elegante e confort\u00e1vel.<\/p>\n<h6 dir=\"auto\"><strong>50$<\/strong><\/h6>\n<h6 dir=\"auto\"><strong>25$<\/strong><\/h6>\n<h6 dir=\"auto\"><strong>Atendimento Acolhedor<\/strong><\/h6>\n<p class=\"body\" dir=\"auto\">Nossa equipe est\u00e1 pronta para proporcionar uma experi\u00eancia inesquec\u00edvel e calorosa.<\/p>\n<p><img decoding=\"async\" src=\"https:\/\/images.unsplash.com\/photo-1703878224314-10d097ed4032\" alt=\"A modern restaurant interior with large floor-to-ceiling windows providing a scenic view of mountainous terrain. The ceiling features sleek, parallel lines that add to the contemporary design. The space is filled with neatly arranged tables and chairs, set for service.\" \/><\/p>\n<h3 dir=\"auto\">Reservas Manarillo<\/h3>\n<p class=\"body\" dir=\"auto\">Reserve sua mesa e vivencie uma experi\u00eancia gastron\u00f4mica \u00fanica e acolhedora no Manarillo.<\/p>\n","protected":false},"excerpt":{"rendered":"<p>Menu Gastron\u00f4mico Massas Frescas Artesanais Delicie-se com nossas massas frescas, preparadas com ingredientes locais e amor. 45$ Experimente pratos criativos que combinam t\u00e9cnicas refinadas e a ess\u00eancia da cozinha de afeto. Pratos Criativos Sabores \u00fanicos que encantam o paladar e aquecem o cora\u00e7\u00e3o. 55$ Experi\u00eancia Sensorial Um ambiente intimista e acolhedor, perfeito para momentos especiais [&hellip;]<\/p>\n","protected":false},"author":1,"featured_media":0,"parent":0,"menu_order":0,"comment_status":"closed","ping_status":"closed","template":"","meta":{"footnotes":""},"class_list":["post-23","page","type-page","status-publish","hentry"],"_links":{"self":[{"href":"https:\/\/siteportfolio.ucnomad.com\/index.php\/wp-json\/wp\/v2\/pages\/23","targetHints":{"allow":["GET"]}}],"collection":[{"href":"https:\/\/siteportfolio.ucnomad.com\/index.php\/wp-json\/wp\/v2\/pages"}],"about":[{"href":"https:\/\/siteportfolio.ucnomad.com\/index.php\/wp-json\/wp\/v2\/types\/page"}],"author":[{"embeddable":true,"href":"https:\/\/siteportfolio.ucnomad.com\/index.php\/wp-json\/wp\/v2\/users\/1"}],"replies":[{"embeddable":true,"href":"https:\/\/siteportfolio.ucnomad.com\/index.php\/wp-json\/wp\/v2\/comments?post=23"}],"version-history":[{"count":0,"href":"https:\/\/siteportfolio.ucnomad.com\/index.php\/wp-json\/wp\/v2\/pages\/23\/revisions"}],"wp:attachment":[{"href":"https:\/\/siteportfolio.ucnomad.com\/index.php\/wp-json\/wp\/v2\/media?parent=23"}],"curies":[{"name":"wp","href":"https:\/\/api.w.org\/{rel}","templated":true}]}}